{"id":55,"date":"2024-06-14T11:15:57","date_gmt":"2024-06-14T11:15:57","guid":{"rendered":"https:\/\/euroreparacion.rkinformatika.online\/?page_id=55"},"modified":"2024-06-25T08:28:52","modified_gmt":"2024-06-25T08:28:52","slug":"servicios","status":"publish","type":"page","link":"https:\/\/euroreparacion.com\/en\/servicios\/","title":{"rendered":"Services"},"content":{"rendered":"<div data-elementor-type=\"wp-page\" data-elementor-id=\"55\" class=\"elementor elementor-55\" data-elementor-post-type=\"page\">\n\t\t\t\t\t\t<section class=\"elementor-section elementor-top-section elementor-element elementor-element-30c24e6e elementor-section-boxed elementor-section-height-default elementor-section-height-default\" data-id=\"30c24e6e\" data-element_type=\"section\" data-e-type=\"section\" data-settings=\"{&quot;background_background&quot;:&quot;classic&quot;}\">\n\t\t\t\t\t\t\t<div class=\"elementor-background-overlay\"><\/div>\n\t\t\t\t\t\t\t<div class=\"elementor-container elementor-column-gap-default\">\n\t\t\t\t\t<div class=\"elementor-column elementor-col-100 elementor-top-column elementor-element elementor-element-7fb376e5\" data-id=\"7fb376e5\" data-element_type=\"column\" data-e-type=\"column\">\n\t\t\t<div class=\"elementor-widget-wrap\">\n\t\t\t\t\t\t\t<\/div>\n\t\t<\/div>\n\t\t\t\t\t<\/div>\n\t\t<\/section>\n\t\t<div class=\"elementor-element elementor-element-a406943 e-flex e-con-boxed e-con e-parent\" data-id=\"a406943\" data-element_type=\"container\" data-e-type=\"container\" data-settings=\"{&quot;background_background&quot;:&quot;classic&quot;}\">\n\t\t\t\t\t<div class=\"e-con-inner\">\n\t\t\t\t<div class=\"elementor-element elementor-element-93d978d elementor-widget elementor-widget-heading\" data-id=\"93d978d\" data-element_type=\"widget\" data-e-type=\"widget\" data-widget_type=\"heading.default\">\n\t\t\t\t<div class=\"elementor-widget-container\">\n\t\t\t\t\t<h2 class=\"elementor-heading-title elementor-size-default\">Ofrezco estos servicios<\/h2>\t\t\t\t<\/div>\n\t\t\t\t<\/div>\n\t\t\t\t\t<\/div>\n\t\t\t\t<\/div>\n\t\t<div class=\"elementor-element elementor-element-c2e5b06 e-flex e-con-boxed e-con e-parent\" data-id=\"c2e5b06\" data-element_type=\"container\" data-e-type=\"container\" data-settings=\"{&quot;background_background&quot;:&quot;classic&quot;}\">\n\t\t\t\t\t<div class=\"e-con-inner\">\n\t\t\t\t<div class=\"elementor-element elementor-element-f07a74b elementor-widget elementor-widget-gallery\" data-id=\"f07a74b\" data-element_type=\"widget\" data-e-type=\"widget\" data-settings=\"{&quot;columns&quot;:2,&quot;lazyload&quot;:&quot;yes&quot;,&quot;gallery_layout&quot;:&quot;grid&quot;,&quot;columns_tablet&quot;:2,&quot;columns_mobile&quot;:1,&quot;gap&quot;:{&quot;unit&quot;:&quot;px&quot;,&quot;size&quot;:10,&quot;sizes&quot;:[]},&quot;gap_tablet&quot;:{&quot;unit&quot;:&quot;px&quot;,&quot;size&quot;:10,&quot;sizes&quot;:[]},&quot;gap_mobile&quot;:{&quot;unit&quot;:&quot;px&quot;,&quot;size&quot;:10,&quot;sizes&quot;:[]},&quot;link_to&quot;:&quot;file&quot;,&quot;aspect_ratio&quot;:&quot;3:2&quot;,&quot;overlay_background&quot;:&quot;yes&quot;,&quot;content_hover_animation&quot;:&quot;fade-in&quot;}\" data-widget_type=\"gallery.default\">\n\t\t\t\t<div class=\"elementor-widget-container\">\n\t\t\t\t\t\t\t<div class=\"elementor-gallery__container\">\n\t\t\t\t\t\t\t<a class=\"e-gallery-item elementor-gallery-item elementor-animated-content\" href=\"https:\/\/euroreparacion.com\/wp-content\/uploads\/2024\/06\/spacious-bathroom.jpg\" data-elementor-open-lightbox=\"yes\" data-elementor-lightbox-slideshow=\"f07a74b\" data-elementor-lightbox-title=\"Ba\u00f1os\" data-e-action-hash=\"#elementor-action%3Aaction%3Dlightbox%26settings%3DeyJpZCI6NDA3LCJ1cmwiOiJodHRwczpcL1wvZXVyb3JlcGFyYWNpb24uY29tXC93cC1jb250ZW50XC91cGxvYWRzXC8yMDI0XC8wNlwvc3BhY2lvdXMtYmF0aHJvb20uanBnIiwic2xpZGVzaG93IjoiZjA3YTc0YiJ9\">\n\t\t\t\t\t<div class=\"e-gallery-image elementor-gallery-item__image\" data-thumbnail=\"https:\/\/euroreparacion.com\/wp-content\/uploads\/2024\/06\/spacious-bathroom.jpg\" data-width=\"2000\" data-height=\"1333\" aria-label=\"\" role=\"img\" ><\/div>\n\t\t\t\t\t\t\t\t\t\t\t<div class=\"elementor-gallery-item__overlay\"><\/div>\n\t\t\t\t\t\t\t\t\t\t\t\t\t\t<\/a>\n\t\t\t\t\t\t\t<a class=\"e-gallery-item elementor-gallery-item elementor-animated-content\" href=\"https:\/\/euroreparacion.com\/wp-content\/uploads\/2024\/06\/spacious-wooden-terrace.jpg\" data-elementor-open-lightbox=\"yes\" data-elementor-lightbox-slideshow=\"f07a74b\" data-elementor-lightbox-title=\"Terrazas\" data-e-action-hash=\"#elementor-action%3Aaction%3Dlightbox%26settings%3DeyJpZCI6NDA4LCJ1cmwiOiJodHRwczpcL1wvZXVyb3JlcGFyYWNpb24uY29tXC93cC1jb250ZW50XC91cGxvYWRzXC8yMDI0XC8wNlwvc3BhY2lvdXMtd29vZGVuLXRlcnJhY2UuanBnIiwic2xpZGVzaG93IjoiZjA3YTc0YiJ9\">\n\t\t\t\t\t<div class=\"e-gallery-image elementor-gallery-item__image\" data-thumbnail=\"https:\/\/euroreparacion.com\/wp-content\/uploads\/2024\/06\/spacious-wooden-terrace.jpg\" data-width=\"2000\" data-height=\"1333\" aria-label=\"\" role=\"img\" ><\/div>\n\t\t\t\t\t\t\t\t\t\t\t<div class=\"elementor-gallery-item__overlay\"><\/div>\n\t\t\t\t\t\t\t\t\t\t\t\t\t\t<\/a>\n\t\t\t\t\t\t\t<a class=\"e-gallery-item elementor-gallery-item elementor-animated-content\" href=\"https:\/\/euroreparacion.com\/wp-content\/uploads\/2024\/06\/cleaning-lady-washing-tile-wall-with-detergent-and-rag-hygiene-purity-cleanliness-concept.jpg\" data-elementor-open-lightbox=\"yes\" data-elementor-lightbox-slideshow=\"f07a74b\" data-elementor-lightbox-title=\"Trabajo de lucidor\" data-e-action-hash=\"#elementor-action%3Aaction%3Dlightbox%26settings%3DeyJpZCI6NDE2LCJ1cmwiOiJodHRwczpcL1wvZXVyb3JlcGFyYWNpb24uY29tXC93cC1jb250ZW50XC91cGxvYWRzXC8yMDI0XC8wNlwvY2xlYW5pbmctbGFkeS13YXNoaW5nLXRpbGUtd2FsbC13aXRoLWRldGVyZ2VudC1hbmQtcmFnLWh5Z2llbmUtcHVyaXR5LWNsZWFubGluZXNzLWNvbmNlcHQuanBnIiwic2xpZGVzaG93IjoiZjA3YTc0YiJ9\">\n\t\t\t\t\t<div class=\"e-gallery-image elementor-gallery-item__image\" data-thumbnail=\"https:\/\/euroreparacion.com\/wp-content\/uploads\/2024\/06\/cleaning-lady-washing-tile-wall-with-detergent-and-rag-hygiene-purity-cleanliness-concept.jpg\" data-width=\"2000\" data-height=\"1333\" aria-label=\"\" role=\"img\" ><\/div>\n\t\t\t\t\t\t\t\t\t\t\t<div class=\"elementor-gallery-item__overlay\"><\/div>\n\t\t\t\t\t\t\t\t\t\t\t\t\t\t<\/a>\n\t\t\t\t\t\t\t<a class=\"e-gallery-item elementor-gallery-item elementor-animated-content\" href=\"https:\/\/euroreparacion.com\/wp-content\/uploads\/2024\/06\/young-contractor-carrying-plasterboard-sheets-.jpg\" data-elementor-open-lightbox=\"yes\" data-elementor-lightbox-slideshow=\"f07a74b\" data-elementor-lightbox-title=\"Pladur\" data-e-action-hash=\"#elementor-action%3Aaction%3Dlightbox%26settings%3DeyJpZCI6NDEzLCJ1cmwiOiJodHRwczpcL1wvZXVyb3JlcGFyYWNpb24uY29tXC93cC1jb250ZW50XC91cGxvYWRzXC8yMDI0XC8wNlwveW91bmctY29udHJhY3Rvci1jYXJyeWluZy1wbGFzdGVyYm9hcmQtc2hlZXRzLS5qcGciLCJzbGlkZXNob3ciOiJmMDdhNzRiIn0%3D\">\n\t\t\t\t\t<div class=\"e-gallery-image elementor-gallery-item__image\" data-thumbnail=\"https:\/\/euroreparacion.com\/wp-content\/uploads\/2024\/06\/young-contractor-carrying-plasterboard-sheets-.jpg\" data-width=\"2000\" data-height=\"1707\" aria-label=\"\" role=\"img\" ><\/div>\n\t\t\t\t\t\t\t\t\t\t\t<div class=\"elementor-gallery-item__overlay\"><\/div>\n\t\t\t\t\t\t\t\t\t\t\t\t\t\t<\/a>\n\t\t\t\t\t<\/div>\n\t\t\t\t\t<\/div>\n\t\t\t\t<\/div>\n\t\t\t\t\t<\/div>\n\t\t\t\t<\/div>\n\t\t\t\t<section class=\"elementor-section elementor-top-section elementor-element elementor-element-dc0e700 elementor-section-full_width elementor-section-height-default elementor-section-height-default\" data-id=\"dc0e700\" data-element_type=\"section\" data-e-type=\"section\" data-settings=\"{&quot;background_background&quot;:&quot;classic&quot;}\">\n\t\t\t\t\t\t<div class=\"elementor-container elementor-column-gap-default\">\n\t\t\t\t\t<div class=\"elementor-column elementor-col-100 elementor-top-column elementor-element elementor-element-d6de1e2 elementor-invisible\" data-id=\"d6de1e2\" data-element_type=\"column\" data-e-type=\"column\" data-settings=\"{&quot;background_background&quot;:&quot;classic&quot;,&quot;animation&quot;:&quot;fadeInLeft&quot;}\">\n\t\t\t<div class=\"elementor-widget-wrap elementor-element-populated\">\n\t\t\t\t\t\t<div class=\"elementor-element elementor-element-748804f elementor-widget elementor-widget-heading\" data-id=\"748804f\" data-element_type=\"widget\" data-e-type=\"widget\" data-widget_type=\"heading.default\">\n\t\t\t\t<div class=\"elementor-widget-container\">\n\t\t\t\t\t<h2 class=\"elementor-heading-title elementor-size-default\">\u00bfNecesitas tener ya una reforma en tu casa?<\/h2>\t\t\t\t<\/div>\n\t\t\t\t<\/div>\n\t\t\t\t<section class=\"elementor-section elementor-inner-section elementor-element elementor-element-6d5a559 elementor-section-boxed elementor-section-height-default elementor-section-height-default\" data-id=\"6d5a559\" data-element_type=\"section\" data-e-type=\"section\">\n\t\t\t\t\t\t<div class=\"elementor-container elementor-column-gap-default\">\n\t\t\t\t\t<div class=\"elementor-column elementor-col-100 elementor-inner-column elementor-element elementor-element-68c182e\" data-id=\"68c182e\" data-element_type=\"column\" data-e-type=\"column\">\n\t\t\t<div class=\"elementor-widget-wrap elementor-element-populated\">\n\t\t\t\t\t\t<div class=\"elementor-element elementor-element-1973680 elementor-align-center elementor-widget elementor-widget-button\" data-id=\"1973680\" data-element_type=\"widget\" data-e-type=\"widget\" data-widget_type=\"button.default\">\n\t\t\t\t<div class=\"elementor-widget-container\">\n\t\t\t\t\t\t\t\t\t<div class=\"elementor-button-wrapper\">\n\t\t\t\t\t<a class=\"elementor-button elementor-button-link elementor-size-sm\" href=\"https:\/\/eurorepn.rkinformatika.online\/contacto\">\n\t\t\t\t\t\t<span class=\"elementor-button-content-wrapper\">\n\t\t\t\t\t\t\t\t\t<span class=\"elementor-button-text\">Contactanos<\/span>\n\t\t\t\t\t<\/span>\n\t\t\t\t\t<\/a>\n\t\t\t\t<\/div>\n\t\t\t\t\t\t\t\t<\/div>\n\t\t\t\t<\/div>\n\t\t\t\t\t<\/div>\n\t\t<\/div>\n\t\t\t\t\t<\/div>\n\t\t<\/section>\n\t\t\t\t\t<\/div>\n\t\t<\/div>\n\t\t\t\t\t<\/div>\n\t\t<\/section>\n\t\t\t\t<\/div>","protected":false},"excerpt":{"rendered":"<p>Ofrezco estos servicios \u00bfNecesitas tener ya una reforma en tu casa? Contactanos<\/p>","protected":false},"author":1,"featured_media":0,"parent":0,"menu_order":0,"comment_status":"closed","ping_status":"closed","template":"elementor_canvas","meta":{"footnotes":""},"class_list":["post-55","page","type-page","status-publish","hentry"],"yoast_head":"<!-- This site is optimized with the Yoast SEO plugin v27.4 - https:\/\/yoast.com\/product\/yoast-seo-wordpress\/ -->\n<title>Servicios - Volodymyr Huzey<\/title>\n<meta name=\"robots\" content=\"index, follow, max-snippet:-1, max-image-preview:large, max-video-preview:-1\" \/>\n<link rel=\"canonical\" href=\"https:\/\/euroreparacion.com\/en\/servicios\/\" \/>\n<meta property=\"og:locale\" content=\"en_US\" \/>\n<meta property=\"og:type\" content=\"article\" \/>\n<meta property=\"og:title\" content=\"Servicios - Volodymyr Huzey\" \/>\n<meta property=\"og:description\" content=\"Ofrezco estos servicios \u00bfNecesitas tener ya una reforma en tu casa? Contactanos\" \/>\n<meta property=\"og:url\" content=\"https:\/\/euroreparacion.com\/en\/servicios\/\" \/>\n<meta property=\"og:site_name\" content=\"Volodymyr Huzey\" \/>\n<meta property=\"article:modified_time\" content=\"2024-06-25T08:28:52+00:00\" \/>\n<meta name=\"twitter:card\" content=\"summary_large_image\" \/>\n<meta name=\"twitter:label1\" content=\"Est. reading time\" \/>\n\t<meta name=\"twitter:data1\" content=\"1 minute\" \/>\n<script type=\"application\/ld+json\" class=\"yoast-schema-graph\">{\"@context\":\"https:\\\/\\\/schema.org\",\"@graph\":[{\"@type\":\"WebPage\",\"@id\":\"https:\\\/\\\/euroreparacion.com\\\/servicios\\\/\",\"url\":\"https:\\\/\\\/euroreparacion.com\\\/servicios\\\/\",\"name\":\"Servicios - Volodymyr Huzey\",\"isPartOf\":{\"@id\":\"https:\\\/\\\/euroreparacion.com\\\/#website\"},\"datePublished\":\"2024-06-14T11:15:57+00:00\",\"dateModified\":\"2024-06-25T08:28:52+00:00\",\"breadcrumb\":{\"@id\":\"https:\\\/\\\/euroreparacion.com\\\/servicios\\\/#breadcrumb\"},\"inLanguage\":\"en-US\",\"potentialAction\":[{\"@type\":\"ReadAction\",\"target\":[\"https:\\\/\\\/euroreparacion.com\\\/servicios\\\/\"]}]},{\"@type\":\"BreadcrumbList\",\"@id\":\"https:\\\/\\\/euroreparacion.com\\\/servicios\\\/#breadcrumb\",\"itemListElement\":[{\"@type\":\"ListItem\",\"position\":1,\"name\":\"Portada\",\"item\":\"https:\\\/\\\/euroreparacion.com\\\/\"},{\"@type\":\"ListItem\",\"position\":2,\"name\":\"Servicios\"}]},{\"@type\":\"WebSite\",\"@id\":\"https:\\\/\\\/euroreparacion.com\\\/#website\",\"url\":\"https:\\\/\\\/euroreparacion.com\\\/\",\"name\":\"Volodymyr Huzey\",\"description\":\"Llevo m\u00e1s de dos a\u00f1os en el sector de la construcci\u00f3n, y trabajo con dedicaci\u00f3n y profesionalismo.\",\"publisher\":{\"@id\":\"https:\\\/\\\/euroreparacion.com\\\/#organization\"},\"potentialAction\":[{\"@type\":\"SearchAction\",\"target\":{\"@type\":\"EntryPoint\",\"urlTemplate\":\"https:\\\/\\\/euroreparacion.com\\\/?s={search_term_string}\"},\"query-input\":{\"@type\":\"PropertyValueSpecification\",\"valueRequired\":true,\"valueName\":\"search_term_string\"}}],\"inLanguage\":\"en-US\"},{\"@type\":\"Organization\",\"@id\":\"https:\\\/\\\/euroreparacion.com\\\/#organization\",\"name\":\"Volodymyr Huzey\",\"url\":\"https:\\\/\\\/euroreparacion.com\\\/\",\"logo\":{\"@type\":\"ImageObject\",\"inLanguage\":\"en-US\",\"@id\":\"https:\\\/\\\/euroreparacion.com\\\/#\\\/schema\\\/logo\\\/image\\\/\",\"url\":\"https:\\\/\\\/euroreparacion.com\\\/wp-content\\\/uploads\\\/2024\\\/06\\\/cropped-4c784864-8854-46da-bae6-e529b177f821-Olga-Kobyletska.jpeg\",\"contentUrl\":\"https:\\\/\\\/euroreparacion.com\\\/wp-content\\\/uploads\\\/2024\\\/06\\\/cropped-4c784864-8854-46da-bae6-e529b177f821-Olga-Kobyletska.jpeg\",\"width\":530,\"height\":313,\"caption\":\"Volodymyr Huzey\"},\"image\":{\"@id\":\"https:\\\/\\\/euroreparacion.com\\\/#\\\/schema\\\/logo\\\/image\\\/\"}}]}<\/script>\n<!-- \/ Yoast SEO plugin. -->","yoast_head_json":{"title":"Servicios - Volodymyr Huzey","robots":{"index":"index","follow":"follow","max-snippet":"max-snippet:-1","max-image-preview":"max-image-preview:large","max-video-preview":"max-video-preview:-1"},"canonical":"https:\/\/euroreparacion.com\/en\/servicios\/","og_locale":"en_US","og_type":"article","og_title":"Servicios - Volodymyr Huzey","og_description":"Ofrezco estos servicios \u00bfNecesitas tener ya una reforma en tu casa? Contactanos","og_url":"https:\/\/euroreparacion.com\/en\/servicios\/","og_site_name":"Volodymyr Huzey","article_modified_time":"2024-06-25T08:28:52+00:00","twitter_card":"summary_large_image","twitter_misc":{"Est. reading time":"1 minute"},"schema":{"@context":"https:\/\/schema.org","@graph":[{"@type":"WebPage","@id":"https:\/\/euroreparacion.com\/servicios\/","url":"https:\/\/euroreparacion.com\/servicios\/","name":"Servicios - Volodymyr Huzey","isPartOf":{"@id":"https:\/\/euroreparacion.com\/#website"},"datePublished":"2024-06-14T11:15:57+00:00","dateModified":"2024-06-25T08:28:52+00:00","breadcrumb":{"@id":"https:\/\/euroreparacion.com\/servicios\/#breadcrumb"},"inLanguage":"en-US","potentialAction":[{"@type":"ReadAction","target":["https:\/\/euroreparacion.com\/servicios\/"]}]},{"@type":"BreadcrumbList","@id":"https:\/\/euroreparacion.com\/servicios\/#breadcrumb","itemListElement":[{"@type":"ListItem","position":1,"name":"Portada","item":"https:\/\/euroreparacion.com\/"},{"@type":"ListItem","position":2,"name":"Servicios"}]},{"@type":"WebSite","@id":"https:\/\/euroreparacion.com\/#website","url":"https:\/\/euroreparacion.com\/","name":"Volodymyr Huzey","description":"Llevo m\u00e1s de dos a\u00f1os en el sector de la construcci\u00f3n, y trabajo con dedicaci\u00f3n y profesionalismo.","publisher":{"@id":"https:\/\/euroreparacion.com\/#organization"},"potentialAction":[{"@type":"SearchAction","target":{"@type":"EntryPoint","urlTemplate":"https:\/\/euroreparacion.com\/?s={search_term_string}"},"query-input":{"@type":"PropertyValueSpecification","valueRequired":true,"valueName":"search_term_string"}}],"inLanguage":"en-US"},{"@type":"Organization","@id":"https:\/\/euroreparacion.com\/#organization","name":"Volodymyr Huzey","url":"https:\/\/euroreparacion.com\/","logo":{"@type":"ImageObject","inLanguage":"en-US","@id":"https:\/\/euroreparacion.com\/#\/schema\/logo\/image\/","url":"https:\/\/euroreparacion.com\/wp-content\/uploads\/2024\/06\/cropped-4c784864-8854-46da-bae6-e529b177f821-Olga-Kobyletska.jpeg","contentUrl":"https:\/\/euroreparacion.com\/wp-content\/uploads\/2024\/06\/cropped-4c784864-8854-46da-bae6-e529b177f821-Olga-Kobyletska.jpeg","width":530,"height":313,"caption":"Volodymyr Huzey"},"image":{"@id":"https:\/\/euroreparacion.com\/#\/schema\/logo\/image\/"}}]}},"_links":{"self":[{"href":"https:\/\/euroreparacion.com\/en\/wp-json\/wp\/v2\/pages\/55","targetHints":{"allow":["GET"]}}],"collection":[{"href":"https:\/\/euroreparacion.com\/en\/wp-json\/wp\/v2\/pages"}],"about":[{"href":"https:\/\/euroreparacion.com\/en\/wp-json\/wp\/v2\/types\/page"}],"author":[{"embeddable":true,"href":"https:\/\/euroreparacion.com\/en\/wp-json\/wp\/v2\/users\/1"}],"replies":[{"embeddable":true,"href":"https:\/\/euroreparacion.com\/en\/wp-json\/wp\/v2\/comments?post=55"}],"version-history":[{"count":109,"href":"https:\/\/euroreparacion.com\/en\/wp-json\/wp\/v2\/pages\/55\/revisions"}],"predecessor-version":[{"id":872,"href":"https:\/\/euroreparacion.com\/en\/wp-json\/wp\/v2\/pages\/55\/revisions\/872"}],"wp:attachment":[{"href":"https:\/\/euroreparacion.com\/en\/wp-json\/wp\/v2\/media?parent=55"}],"curies":[{"name":"wp","href":"https:\/\/api.w.org\/{rel}","templated":true}]}}